{"id":434,"date":"2019-05-14T09:07:39","date_gmt":"2019-05-14T09:07:39","guid":{"rendered":"http:\/\/www.konteyneralsat.com\/?page_id=434"},"modified":"2019-05-14T09:07:39","modified_gmt":"2019-05-14T09:07:39","slug":"my-profile-2","status":"publish","type":"page","link":"http:\/\/www.konteyneralsat.com\/?page_id=434","title":{"rendered":"My Profile"},"content":{"rendered":"\t<div class=\"ere-access-denied\">\n\t\t<div class=\"ere-message alert alert-success\" role=\"alert\">\n\t\t\t\t\t\t\t\t<p class=\"ere-account-sign-in\">Devam etmek i\u00e7in giri\u015f yapman\u0131z gerekiyor.\t\t\t\t\t\t<button title=\"Giri\u015f Yap Veya Kay\u0131t Ol\"\n\t\t\t\t\t\t        type=\"button\" class=\"btn btn-primary btn-sm\" data-toggle=\"modal\"\n\t\t\t\t\t\t        data-target=\"#ere_signin_modal\">\n\t\t\t\t\t\t\tGiri\u015f Yap Veya Kay\u0131t Ol\t\t\t\t\t\t<\/button>\n\t\t\t\t\t<\/p>\n\t\t\t\t\t<\/div>\n\t\t\t\t<a class=\"btn btn-default\" href=\"http:\/\/www.konteyneralsat.com\"\n\t\t   title=\"Ana Sayfaya Git\">Ana Sayfa<\/a>\n\t<\/div>\n\n","protected":false},"excerpt":{"rendered":"","protected":false},"author":1,"featured_media":0,"parent":0,"menu_order":0,"comment_status":"closed","ping_status":"closed","template":"","meta":{"footnotes":""},"class_list":["post-434","page","type-page","status-publish","hentry"],"_links":{"self":[{"href":"http:\/\/www.konteyneralsat.com\/index.php?rest_route=\/wp\/v2\/pages\/434","targetHints":{"allow":["GET"]}}],"collection":[{"href":"http:\/\/www.konteyneralsat.com\/index.php?rest_route=\/wp\/v2\/pages"}],"about":[{"href":"http:\/\/www.konteyneralsat.com\/index.php?rest_route=\/wp\/v2\/types\/page"}],"author":[{"embeddable":true,"href":"http:\/\/www.konteyneralsat.com\/index.php?rest_route=\/wp\/v2\/users\/1"}],"replies":[{"embeddable":true,"href":"http:\/\/www.konteyneralsat.com\/index.php?rest_route=%2Fwp%2Fv2%2Fcomments&post=434"}],"version-history":[{"count":0,"href":"http:\/\/www.konteyneralsat.com\/index.php?rest_route=\/wp\/v2\/pages\/434\/revisions"}],"wp:attachment":[{"href":"http:\/\/www.konteyneralsat.com\/index.php?rest_route=%2Fwp%2Fv2%2Fmedia&parent=434"}],"curies":[{"name":"wp","href":"https:\/\/api.w.org\/{rel}","templated":true}]}}