{"id":4,"date":"2017-12-30T19:32:23","date_gmt":"2017-12-30T19:32:23","guid":{"rendered":"http:\/\/www.konteyneralsat.com\/?page_id=4"},"modified":"2025-10-22T17:50:15","modified_gmt":"2025-10-22T17:50:15","slug":"properties","status":"publish","type":"page","link":"http:\/\/www.konteyneralsat.com\/?page_id=4","title":{"rendered":"\u00dcr\u00fcnler"},"content":{"rendered":"<ul class=\"wp-block-latest-posts__list wp-block-latest-posts\"><li><a class=\"wp-block-latest-posts__post-title\" href=\"http:\/\/www.konteyneralsat.com\/?p=1617\">\u00c7elik Yap\u0131larda  Kaynak Hatalar<\/a><\/li>\n<li><a class=\"wp-block-latest-posts__post-title\" href=\"http:\/\/www.konteyneralsat.com\/?p=1614\">\u00c7elik Yap\u0131da Kaynak Yap\u0131m Kurallar\u0131<\/a><\/li>\n<li><a class=\"wp-block-latest-posts__post-title\" href=\"http:\/\/www.konteyneralsat.com\/?p=1610\">\u00c7elik Yap\u0131 Detay Noktalar\u0131 Kontrol\u00fc ve  \u0130malat A\u015famas\u0131<\/a><\/li>\n<li><a class=\"wp-block-latest-posts__post-title\" href=\"http:\/\/www.konteyneralsat.com\/?p=1605\">\u00c7elik Yap\u0131n\u0131n Fabrika A\u015famas\u0131nda Yap\u0131lmas\u0131 Gerekenler<\/a><\/li>\n<li><a class=\"wp-block-latest-posts__post-title\" href=\"http:\/\/www.konteyneralsat.com\/?p=1603\">\u00c7elik Yap\u0131larda Kullan\u0131lacak Sertifikalar<\/a><\/li>\n<\/ul>\n\n<p>[WPL]<\/p>","protected":false},"excerpt":{"rendered":"<p>[WPL]<\/p>\n","protected":false},"author":1,"featured_media":0,"parent":0,"menu_order":0,"comment_status":"closed","ping_status":"closed","template":"","meta":{"footnotes":""},"class_list":["post-4","page","type-page","status-publish","hentry"],"_links":{"self":[{"href":"http:\/\/www.konteyneralsat.com\/index.php?rest_route=\/wp\/v2\/pages\/4","targetHints":{"allow":["GET"]}}],"collection":[{"href":"http:\/\/www.konteyneralsat.com\/index.php?rest_route=\/wp\/v2\/pages"}],"about":[{"href":"http:\/\/www.konteyneralsat.com\/index.php?rest_route=\/wp\/v2\/types\/page"}],"author":[{"embeddable":true,"href":"http:\/\/www.konteyneralsat.com\/index.php?rest_route=\/wp\/v2\/users\/1"}],"replies":[{"embeddable":true,"href":"http:\/\/www.konteyneralsat.com\/index.php?rest_route=%2Fwp%2Fv2%2Fcomments&post=4"}],"version-history":[{"count":3,"href":"http:\/\/www.konteyneralsat.com\/index.php?rest_route=\/wp\/v2\/pages\/4\/revisions"}],"predecessor-version":[{"id":1572,"href":"http:\/\/www.konteyneralsat.com\/index.php?rest_route=\/wp\/v2\/pages\/4\/revisions\/1572"}],"wp:attachment":[{"href":"http:\/\/www.konteyneralsat.com\/index.php?rest_route=%2Fwp%2Fv2%2Fmedia&parent=4"}],"curies":[{"name":"wp","href":"https:\/\/api.w.org\/{rel}","templated":true}]}}