{"id":393,"date":"2019-05-14T08:11:12","date_gmt":"2019-05-14T08:11:12","guid":{"rendered":"http:\/\/www.konteyneralsat.com\/?page_id=393"},"modified":"2019-05-14T08:11:12","modified_gmt":"2019-05-14T08:11:12","slug":"register","status":"publish","type":"page","link":"http:\/\/www.konteyneralsat.com\/?page_id=393","title":{"rendered":"Register"},"content":{"rendered":"<div class=\"ere__account-login-wrap ere-register-wrap\">\n\t<form class=\"ere-register needs-validation\" novalidate>\n        <div class=\"ere_messages message\"><\/div>\n        <div class=\"form-group control-username\">\n            <label class=\"sr-only\">Kullan\u0131c\u0131 ad\u0131<\/label>\n            <input required name=\"user_login\" class=\"form-control\"\n                   placeholder=\"Kullan\u0131c\u0131 ad\u0131\"\n                   type=\"text\"\/>\n        <\/div>\n\n        <div class=\"form-group control-email\">\n            <label class=\"sr-only\">E-posta<\/label>\n            <input required name=\"user_email\" class=\"form-control\"\n                   placeholder=\"E-posta\"\n                   type=\"email\"\/>\n        <\/div>\n\n\t\t\t\t        <div class=\"form-check form-group control-term-condition\">\n            <input required type=\"checkbox\" class=\"form-check-input\" name=\"term_condition\" id=\"term_condition\">\n            <label class=\"form-check-label\" for=\"term_condition\">\n                I agree with your <a target=\"_blank\" href=\"http:\/\/www.konteyneralsat.com\/?page_id=444\">Terms &amp; Conditions<\/a><\/label>\n        <\/div>\n        <button type=\"submit\" data-redirect-url=\"http:\/\/www.konteyneralsat.com\/?page_id=441\"\n                class=\"ere-register-button btn btn-primary btn-block\">Kaydolmak<\/button>\n\t\t<input type=\"hidden\" name=\"ere_register_security\"\n\t\t       value=\"95c58c0376\"\/>\n\t\t<input type=\"hidden\" name=\"action\" value=\"ere_register_ajax\">\n\t<\/form>\n<\/div>\n\n","protected":false},"excerpt":{"rendered":"","protected":false},"author":1,"featured_media":0,"parent":0,"menu_order":0,"comment_status":"closed","ping_status":"closed","template":"","meta":{"footnotes":""},"class_list":["post-393","page","type-page","status-publish","hentry"],"_links":{"self":[{"href":"http:\/\/www.konteyneralsat.com\/index.php?rest_route=\/wp\/v2\/pages\/393","targetHints":{"allow":["GET"]}}],"collection":[{"href":"http:\/\/www.konteyneralsat.com\/index.php?rest_route=\/wp\/v2\/pages"}],"about":[{"href":"http:\/\/www.konteyneralsat.com\/index.php?rest_route=\/wp\/v2\/types\/page"}],"author":[{"embeddable":true,"href":"http:\/\/www.konteyneralsat.com\/index.php?rest_route=\/wp\/v2\/users\/1"}],"replies":[{"embeddable":true,"href":"http:\/\/www.konteyneralsat.com\/index.php?rest_route=%2Fwp%2Fv2%2Fcomments&post=393"}],"version-history":[{"count":0,"href":"http:\/\/www.konteyneralsat.com\/index.php?rest_route=\/wp\/v2\/pages\/393\/revisions"}],"wp:attachment":[{"href":"http:\/\/www.konteyneralsat.com\/index.php?rest_route=%2Fwp%2Fv2%2Fmedia&parent=393"}],"curies":[{"name":"wp","href":"https:\/\/api.w.org\/{rel}","templated":true}]}}